{"id":7,"date":"2022-07-25T13:51:09","date_gmt":"2022-07-25T11:51:09","guid":{"rendered":"http:\/\/www.theklasien.at\/neu\/?page_id=7"},"modified":"2025-09-15T14:08:50","modified_gmt":"2025-09-15T12:08:50","slug":"startseite","status":"publish","type":"page","link":"https:\/\/www.theklasien.at\/neu\/","title":{"rendered":"Willkommen in Theklasien!"},"content":{"rendered":"\n<div class=\"wp-block-columns is-layout-flex wp-container-core-columns-is-layout-9d6595d7 wp-block-columns-is-layout-flex\">\n<div class=\"wp-block-column is-layout-flow wp-block-column-is-layout-flow\" style=\"flex-basis:66.66%\">\n<p>Auf einem kleinen Bio-Bergbauernhof bewirtschaftet der Verein &#8220;Theklasien&#8221; ein nach den Grundregeln der Permakultur gelebtes Paradies. Ziel ist es, dauerhafte Lebensgrundlagen f\u00fcr Natur und Mensch, \u00f6kologisch, sozial, sowie auch \u00f6konomisch, zu sichern.<br><br>In Theklasien, im Raum f\u00fcr Ereignisse, steht das gemeinsame Arbeiten und voneinander Lehrnen im Mittelpunkt. Bei der praktischen Umsetzung dieser Planung soll es Raum zum Experimentieren geben und die M\u00f6glichkeit, eigene Ideen und Vorstellungen einzubringen.<br><br>Auf 8 ha leben wir gemeinsam mit unseren rund 10 Schafen, Katzen und Gefl\u00fcgel. Neben 130 Obstb\u00e4umen, Kr\u00e4utern und Pflanzen, nutzen wir alle Wildkr\u00e4uter und -fr\u00fcchte die uns die Natur schenkt.<\/p>\n<\/div>\n\n\n\n<div class=\"wp-block-column is-layout-flow wp-block-column-is-layout-flow\" style=\"flex-basis:33.33%\">\n<figure class=\"wp-block-image size-full\"><img loading=\"lazy\" decoding=\"async\" width=\"240\" height=\"320\" src=\"http:\/\/www.theklasien.at\/neu\/wp-content\/uploads\/2022\/09\/k-schlehe.jpg\" alt=\"\" class=\"wp-image-183\" srcset=\"https:\/\/www.theklasien.at\/neu\/wp-content\/uploads\/2022\/09\/k-schlehe.jpg 240w, https:\/\/www.theklasien.at\/neu\/wp-content\/uploads\/2022\/09\/k-schlehe-225x300.jpg 225w\" sizes=\"auto, (max-width: 240px) 100vw, 240px\" \/><\/figure>\n<\/div>\n<\/div>\n\n\n\n<figure class=\"wp-block-gallery has-nested-images columns-default is-cropped wp-block-gallery-1 is-layout-flex wp-block-gallery-is-layout-flex\">\n<figure class=\"wp-block-image size-large\"><img loading=\"lazy\" decoding=\"async\" width=\"1024\" height=\"1024\" data-id=\"1661\" src=\"https:\/\/www.theklasien.at\/neu\/wp-content\/uploads\/2023\/02\/Mitmach-Monitoring-8-1024x1024.jpg\" alt=\"\" class=\"wp-image-1661\" srcset=\"https:\/\/www.theklasien.at\/neu\/wp-content\/uploads\/2023\/02\/Mitmach-Monitoring-8-1024x1024.jpg 1024w, https:\/\/www.theklasien.at\/neu\/wp-content\/uploads\/2023\/02\/Mitmach-Monitoring-8-300x300.jpg 300w, https:\/\/www.theklasien.at\/neu\/wp-content\/uploads\/2023\/02\/Mitmach-Monitoring-8-150x150.jpg 150w, https:\/\/www.theklasien.at\/neu\/wp-content\/uploads\/2023\/02\/Mitmach-Monitoring-8-768x768.jpg 768w, https:\/\/www.theklasien.at\/neu\/wp-content\/uploads\/2023\/02\/Mitmach-Monitoring-8-1536x1536.jpg 1536w, https:\/\/www.theklasien.at\/neu\/wp-content\/uploads\/2023\/02\/Mitmach-Monitoring-8-2048x2048.jpg 2048w\" sizes=\"auto, (max-width: 1024px) 100vw, 1024px\" \/><\/figure>\n\n\n\n<figure class=\"wp-block-image size-full\"><img loading=\"lazy\" decoding=\"async\" width=\"2560\" height=\"1439\" data-id=\"1836\" src=\"http:\/\/www.theklasien.at\/neu\/wp-content\/uploads\/2023\/08\/Fest-Verein-Theklasien-Foto-Norbert-3-scaled.jpg\" alt=\"\" class=\"wp-image-1836\" srcset=\"https:\/\/www.theklasien.at\/neu\/wp-content\/uploads\/2023\/08\/Fest-Verein-Theklasien-Foto-Norbert-3-scaled.jpg 2560w, https:\/\/www.theklasien.at\/neu\/wp-content\/uploads\/2023\/08\/Fest-Verein-Theklasien-Foto-Norbert-3-300x169.jpg 300w\" sizes=\"auto, (max-width: 2560px) 100vw, 2560px\" \/><\/figure>\n<\/figure>\n","protected":false},"excerpt":{"rendered":"<p>Auf einem kleinen Bio-Bergbauernhof bewirtschaftet der Verein &#8220;Theklasien&#8221; ein nach den Grundregeln der Permakultur gelebtes Paradies. Ziel ist es, dauerhafte Lebensgrundlagen f\u00fcr Natur und Mensch, \u00f6kologisch, sozial, sowie auch \u00f6konomisch, zu sichern. In Theklasien, im Raum f\u00fcr Ereignisse, steht das gemeinsame Arbeiten und voneinander Lehrnen im Mittelpunkt. Bei der praktischen Umsetzung dieser Planung soll es [&hellip;]<\/p>\n","protected":false},"author":1,"featured_media":0,"parent":0,"menu_order":0,"comment_status":"closed","ping_status":"closed","template":"","meta":{"footnotes":""},"class_list":["post-7","page","type-page","status-publish","hentry"],"jetpack_sharing_enabled":true,"_links":{"self":[{"href":"https:\/\/www.theklasien.at\/neu\/wp-json\/wp\/v2\/pages\/7","targetHints":{"allow":["GET"]}}],"collection":[{"href":"https:\/\/www.theklasien.at\/neu\/wp-json\/wp\/v2\/pages"}],"about":[{"href":"https:\/\/www.theklasien.at\/neu\/wp-json\/wp\/v2\/types\/page"}],"author":[{"embeddable":true,"href":"https:\/\/www.theklasien.at\/neu\/wp-json\/wp\/v2\/users\/1"}],"replies":[{"embeddable":true,"href":"https:\/\/www.theklasien.at\/neu\/wp-json\/wp\/v2\/comments?post=7"}],"version-history":[{"count":27,"href":"https:\/\/www.theklasien.at\/neu\/wp-json\/wp\/v2\/pages\/7\/revisions"}],"predecessor-version":[{"id":2130,"href":"https:\/\/www.theklasien.at\/neu\/wp-json\/wp\/v2\/pages\/7\/revisions\/2130"}],"wp:attachment":[{"href":"https:\/\/www.theklasien.at\/neu\/wp-json\/wp\/v2\/media?parent=7"}],"curies":[{"name":"wp","href":"https:\/\/api.w.org\/{rel}","templated":true}]}}