{"id":68,"date":"2022-07-25T14:38:06","date_gmt":"2022-07-25T12:38:06","guid":{"rendered":"https:\/\/www.theklasien.at\/neu\/?page_id=68"},"modified":"2023-01-28T11:14:37","modified_gmt":"2023-01-28T10:14:37","slug":"impressum","status":"publish","type":"page","link":"https:\/\/www.theklasien.at\/neu\/impressum\/","title":{"rendered":"Impressum"},"content":{"rendered":"\n<p class=\"has-text-align-center\"><strong>Verein &#8220;Theklasien&#8221; Mensch-Natur-Kultur<\/strong><br>ZVR-Zahl: 1901172176<br>Hinterberg 6, 4083 Haibach ob der Donau<br>Mobil: 0676-3203066<br><a href=\"mailto:office@theklasien.at\">office[@]theklasien.at<\/a><br><a rel=\"noreferrer noopener\" href=\"http:\/\/www.theklasien.at\/\" target=\"_blank\">www.theklasien.at<\/a><br><br><strong>Bankverbindung:<\/strong><br>Raiffeisen Region Eferding<br>Kontoinhaber: Verein &#8220;Theklasien&#8221; Mensch-Natur-Kultur<br>IBAN: AT48 3418 0000 0131 6249<br>BIC: RZ00AT2L180<br><br>Der Inhalt dieser Webseite und alle dem Domaininhaber zuzuordnenden Webseiten sowie die abgebildeten Fotos sind urheberrechtlich gesch\u00fctzt. Eine Vervielf\u00e4ltigung, Speicherung, Nachdruck und Verwendung darf nur mit ausdr\u00fccklicher, schriftlicher Genehmigung der Inhaberin dieser Webseite erfolgen.<br><br><strong>Text und Fotos:<\/strong> Thekla Raffezeder, Kamleitner Christian<br><strong>Grafische Gestaltung:<\/strong> Kamleitner Christian<br><strong>Logo:<\/strong> Jakob Schleenvoigt<br><\/p>\n","protected":false},"excerpt":{"rendered":"<p>Verein &#8220;Theklasien&#8221; Mensch-Natur-KulturZVR-Zahl: 1901172176Hinterberg 6, 4083 Haibach ob der DonauMobil: 0676-3203066office[@]theklasien.atwww.theklasien.at Bankverbindung:Raiffeisen Region EferdingKontoinhaber: Verein &#8220;Theklasien&#8221; Mensch-Natur-KulturIBAN: AT48 3418 0000 0131 6249BIC: RZ00AT2L180 Der Inhalt dieser Webseite und alle dem Domaininhaber zuzuordnenden Webseiten sowie die abgebildeten Fotos sind urheberrechtlich gesch\u00fctzt. Eine Vervielf\u00e4ltigung, Speicherung, Nachdruck und Verwendung darf nur mit ausdr\u00fccklicher, schriftlicher Genehmigung der Inhaberin dieser [&hellip;]<\/p>\n","protected":false},"author":1,"featured_media":0,"parent":0,"menu_order":0,"comment_status":"closed","ping_status":"closed","template":"","meta":{"footnotes":""},"class_list":["post-68","page","type-page","status-publish","hentry"],"jetpack_sharing_enabled":true,"_links":{"self":[{"href":"https:\/\/www.theklasien.at\/neu\/wp-json\/wp\/v2\/pages\/68","targetHints":{"allow":["GET"]}}],"collection":[{"href":"https:\/\/www.theklasien.at\/neu\/wp-json\/wp\/v2\/pages"}],"about":[{"href":"https:\/\/www.theklasien.at\/neu\/wp-json\/wp\/v2\/types\/page"}],"author":[{"embeddable":true,"href":"https:\/\/www.theklasien.at\/neu\/wp-json\/wp\/v2\/users\/1"}],"replies":[{"embeddable":true,"href":"https:\/\/www.theklasien.at\/neu\/wp-json\/wp\/v2\/comments?post=68"}],"version-history":[{"count":8,"href":"https:\/\/www.theklasien.at\/neu\/wp-json\/wp\/v2\/pages\/68\/revisions"}],"predecessor-version":[{"id":1493,"href":"https:\/\/www.theklasien.at\/neu\/wp-json\/wp\/v2\/pages\/68\/revisions\/1493"}],"wp:attachment":[{"href":"https:\/\/www.theklasien.at\/neu\/wp-json\/wp\/v2\/media?parent=68"}],"curies":[{"name":"wp","href":"https:\/\/api.w.org\/{rel}","templated":true}]}}