{"id":592,"date":"2022-10-01T17:56:15","date_gmt":"2022-10-01T15:56:15","guid":{"rendered":"https:\/\/www.theklasien.at\/neu\/?page_id=592"},"modified":"2023-03-14T12:31:32","modified_gmt":"2023-03-14T11:31:32","slug":"bienenweide","status":"publish","type":"page","link":"https:\/\/www.theklasien.at\/neu\/bienenweide\/","title":{"rendered":"Bienenweide"},"content":{"rendered":"\n\n\n\n\n<p> Unsere vielf\u00e4ltigen und artenreichen, die Natur als Vorbild genommenen Elemente bieten eine reiche Speisekammer f\u00fcr gro\u00dfe und kleine Mitarbeiter. Dies sind neben den Honigbienen, Schmetterlingen und K\u00e4fern auch ca. 700 Wildbienenarten. Beim Sammeln von Pollen und Nektar sorgen sie f\u00fcr die Best\u00e4ubung und somit f\u00fcr die Vermehrung unserer heimischen Pflanzenwelt. Wir k\u00fcmmern uns durch sorgsame, extensive Pflege unserer Heuwiesen und Gartenbereiche um ein abwechslungsreiches Angebot. Dabei helfen uns auch unsere gr\u00f6\u00dferen Mitarbeiter, unsere Waldschafe, durch Beweiden schwer zu bewirtschaftender Fl\u00e4chen.<\/p>\n\n\n\n<figure class=\"wp-block-gallery has-nested-images columns-default is-cropped wp-block-gallery-1 is-layout-flex wp-block-gallery-is-layout-flex\">\n<figure class=\"wp-block-image size-large\"><img loading=\"lazy\" decoding=\"async\" width=\"1024\" height=\"682\" data-id=\"1689\" src=\"https:\/\/www.theklasien.at\/neu\/wp-content\/uploads\/2023\/02\/Schafi-Raffezeder-1024x682.jpg\" alt=\"\" class=\"wp-image-1689\" srcset=\"https:\/\/www.theklasien.at\/neu\/wp-content\/uploads\/2023\/02\/Schafi-Raffezeder-1024x682.jpg 1024w, https:\/\/www.theklasien.at\/neu\/wp-content\/uploads\/2023\/02\/Schafi-Raffezeder-300x200.jpg 300w, https:\/\/www.theklasien.at\/neu\/wp-content\/uploads\/2023\/02\/Schafi-Raffezeder-768x511.jpg 768w, https:\/\/www.theklasien.at\/neu\/wp-content\/uploads\/2023\/02\/Schafi-Raffezeder-1536x1023.jpg 1536w, https:\/\/www.theklasien.at\/neu\/wp-content\/uploads\/2023\/02\/Schafi-Raffezeder-2048x1364.jpg 2048w\" sizes=\"auto, (max-width: 1024px) 100vw, 1024px\" \/><figcaption class=\"wp-element-caption\">Unsere Mitarbeiter, B\u00f6hmerwald-Schafe<\/figcaption><\/figure>\n\n\n\n<figure class=\"wp-block-image size-large\"><img loading=\"lazy\" decoding=\"async\" width=\"1024\" height=\"768\" data-id=\"1668\" src=\"https:\/\/www.theklasien.at\/neu\/wp-content\/uploads\/2023\/02\/Obstbaumbluete-Apfel-1024x768.jpg\" alt=\"\" class=\"wp-image-1668\" srcset=\"https:\/\/www.theklasien.at\/neu\/wp-content\/uploads\/2023\/02\/Obstbaumbluete-Apfel-1024x768.jpg 1024w, https:\/\/www.theklasien.at\/neu\/wp-content\/uploads\/2023\/02\/Obstbaumbluete-Apfel-300x225.jpg 300w, https:\/\/www.theklasien.at\/neu\/wp-content\/uploads\/2023\/02\/Obstbaumbluete-Apfel-768x576.jpg 768w, https:\/\/www.theklasien.at\/neu\/wp-content\/uploads\/2023\/02\/Obstbaumbluete-Apfel-1536x1152.jpg 1536w, https:\/\/www.theklasien.at\/neu\/wp-content\/uploads\/2023\/02\/Obstbaumbluete-Apfel-2048x1536.jpg 2048w\" sizes=\"auto, (max-width: 1024px) 100vw, 1024px\" \/><figcaption class=\"wp-element-caption\">Obstgarten in Bl\u00fcte<\/figcaption><\/figure>\n<\/figure>\n","protected":false},"excerpt":{"rendered":"<p>Unsere vielf\u00e4ltigen und artenreichen, die Natur als Vorbild genommenen Elemente bieten eine reiche Speisekammer f\u00fcr gro\u00dfe und kleine Mitarbeiter. Dies sind neben den Honigbienen, Schmetterlingen und K\u00e4fern auch ca. 700 Wildbienenarten. Beim Sammeln von Pollen und Nektar sorgen sie f\u00fcr die Best\u00e4ubung und somit f\u00fcr die Vermehrung unserer heimischen Pflanzenwelt. Wir k\u00fcmmern uns durch sorgsame, [&hellip;]<\/p>\n","protected":false},"author":1,"featured_media":0,"parent":0,"menu_order":0,"comment_status":"closed","ping_status":"closed","template":"","meta":{"footnotes":""},"class_list":["post-592","page","type-page","status-publish","hentry"],"jetpack_sharing_enabled":true,"_links":{"self":[{"href":"https:\/\/www.theklasien.at\/neu\/wp-json\/wp\/v2\/pages\/592","targetHints":{"allow":["GET"]}}],"collection":[{"href":"https:\/\/www.theklasien.at\/neu\/wp-json\/wp\/v2\/pages"}],"about":[{"href":"https:\/\/www.theklasien.at\/neu\/wp-json\/wp\/v2\/types\/page"}],"author":[{"embeddable":true,"href":"https:\/\/www.theklasien.at\/neu\/wp-json\/wp\/v2\/users\/1"}],"replies":[{"embeddable":true,"href":"https:\/\/www.theklasien.at\/neu\/wp-json\/wp\/v2\/comments?post=592"}],"version-history":[{"count":3,"href":"https:\/\/www.theklasien.at\/neu\/wp-json\/wp\/v2\/pages\/592\/revisions"}],"predecessor-version":[{"id":1767,"href":"https:\/\/www.theklasien.at\/neu\/wp-json\/wp\/v2\/pages\/592\/revisions\/1767"}],"wp:attachment":[{"href":"https:\/\/www.theklasien.at\/neu\/wp-json\/wp\/v2\/media?parent=592"}],"curies":[{"name":"wp","href":"https:\/\/api.w.org\/{rel}","templated":true}]}}