{"id":436,"date":"2022-10-01T10:01:53","date_gmt":"2022-10-01T08:01:53","guid":{"rendered":"https:\/\/www.theklasien.at\/neu\/?page_id=436"},"modified":"2023-01-27T10:17:21","modified_gmt":"2023-01-27T09:17:21","slug":"fuehrungen","status":"publish","type":"page","link":"https:\/\/www.theklasien.at\/neu\/fuehrungen\/","title":{"rendered":"F\u00fchrungen"},"content":{"rendered":"\n\n\n\n\n<p>Kr\u00e4uter-F\u00fchrung: Dauer: ca. 2 Stunden \/p.P. \u20ac 15.-\/Mitglieder \u20ac 12.-  Gruppengr\u00f6\u00dfe:  mindestens 8 bis maximal 15 Personen.<br>Permakultur-F\u00fchrung (Hofrunde): Dauer: ca. 1 Stunde \/p.P. \u20ac 8.-\/Mitglieder \u20ac 6.-  Gruppengr\u00f6\u00dfe: mindestens 8 bis maximal 15 Personen.<\/p>\n\n\n\n<p>Individualtermine-Themen bitte anfragen.<\/p>\n\n\n\n<p><a href=\"https:\/\/www.theklasien.at\/neu\/veranstaltungen\/\" data-type=\"page\" data-id=\"13\">aktuelle Termine<\/a><\/p>\n","protected":false},"excerpt":{"rendered":"<p>Kr\u00e4uter-F\u00fchrung: Dauer: ca. 2 Stunden \/p.P. \u20ac 15.-\/Mitglieder \u20ac 12.- Gruppengr\u00f6\u00dfe: mindestens 8 bis maximal 15 Personen.Permakultur-F\u00fchrung (Hofrunde): Dauer: ca. 1 Stunde \/p.P. \u20ac 8.-\/Mitglieder \u20ac 6.- Gruppengr\u00f6\u00dfe: mindestens 8 bis maximal 15 Personen. Individualtermine-Themen bitte anfragen. aktuelle Termine<\/p>\n","protected":false},"author":1,"featured_media":0,"parent":0,"menu_order":0,"comment_status":"closed","ping_status":"closed","template":"","meta":{"footnotes":""},"class_list":["post-436","page","type-page","status-publish","hentry"],"jetpack_sharing_enabled":true,"_links":{"self":[{"href":"https:\/\/www.theklasien.at\/neu\/wp-json\/wp\/v2\/pages\/436","targetHints":{"allow":["GET"]}}],"collection":[{"href":"https:\/\/www.theklasien.at\/neu\/wp-json\/wp\/v2\/pages"}],"about":[{"href":"https:\/\/www.theklasien.at\/neu\/wp-json\/wp\/v2\/types\/page"}],"author":[{"embeddable":true,"href":"https:\/\/www.theklasien.at\/neu\/wp-json\/wp\/v2\/users\/1"}],"replies":[{"embeddable":true,"href":"https:\/\/www.theklasien.at\/neu\/wp-json\/wp\/v2\/comments?post=436"}],"version-history":[{"count":12,"href":"https:\/\/www.theklasien.at\/neu\/wp-json\/wp\/v2\/pages\/436\/revisions"}],"predecessor-version":[{"id":1451,"href":"https:\/\/www.theklasien.at\/neu\/wp-json\/wp\/v2\/pages\/436\/revisions\/1451"}],"wp:attachment":[{"href":"https:\/\/www.theklasien.at\/neu\/wp-json\/wp\/v2\/media?parent=436"}],"curies":[{"name":"wp","href":"https:\/\/api.w.org\/{rel}","templated":true}]}}