{"id":401,"date":"2022-09-30T19:43:29","date_gmt":"2022-09-30T17:43:29","guid":{"rendered":"http:\/\/www.theklasien.at\/neu\/?page_id=401"},"modified":"2023-03-18T10:26:43","modified_gmt":"2023-03-18T09:26:43","slug":"wildkraeuter-und-fruchtwerkstatt","status":"publish","type":"page","link":"https:\/\/www.theklasien.at\/neu\/wildkraeuter-und-fruchtwerkstatt\/","title":{"rendered":"Wildkr\u00e4uter- und Fruchtwerkstatt"},"content":{"rendered":"\n\n\n\n\n<p><br><strong>Aktivprogramm in der Wildkr\u00e4uter- und Fruchtwerkstatt<\/strong> ab 4 bis max.7 Personen,<br>als Halb- oder Ganztageskurs buchbar:<br><strong><br><\/strong>Wir sammeln gemeinsam<br>Wildkr\u00e4uter\/Fr\u00fcchte, Bl\u00e4tter, Bl\u00fcten, Knospen, Wurzeln,<br>besprechen die Inhalts-und Wirkstoffe und verarbeiten anschlie\u00dfend das Sammelgut zu<br>einem k\u00f6stlichen Kr\u00e4utermen\u00fc, zu Kosmetik, Reinigungsprodukten, oder fertigen kreative Objekte nach pers\u00f6nlichen Vorlieben an<strong>.<\/strong><\/p>\n\n\n\n<div class=\"wp-block-columns is-layout-flex wp-container-core-columns-is-layout-9d6595d7 wp-block-columns-is-layout-flex\">\n<div class=\"wp-block-column is-layout-flow wp-block-column-is-layout-flow\">\n<figure class=\"wp-block-image size-large\"><img loading=\"lazy\" decoding=\"async\" width=\"1024\" height=\"682\" src=\"http:\/\/www.theklasien.at\/neu\/wp-content\/uploads\/2022\/10\/Wildkraeuter-und-Fruchtwerkstatt-1-1024x682.jpg\" alt=\"\" class=\"wp-image-653\" srcset=\"https:\/\/www.theklasien.at\/neu\/wp-content\/uploads\/2022\/10\/Wildkraeuter-und-Fruchtwerkstatt-1-1024x682.jpg 1024w, https:\/\/www.theklasien.at\/neu\/wp-content\/uploads\/2022\/10\/Wildkraeuter-und-Fruchtwerkstatt-1-300x200.jpg 300w, https:\/\/www.theklasien.at\/neu\/wp-content\/uploads\/2022\/10\/Wildkraeuter-und-Fruchtwerkstatt-1-768x511.jpg 768w, https:\/\/www.theklasien.at\/neu\/wp-content\/uploads\/2022\/10\/Wildkraeuter-und-Fruchtwerkstatt-1-1536x1023.jpg 1536w, https:\/\/www.theklasien.at\/neu\/wp-content\/uploads\/2022\/10\/Wildkraeuter-und-Fruchtwerkstatt-1-2048x1364.jpg 2048w\" sizes=\"auto, (max-width: 1024px) 100vw, 1024px\" \/><\/figure>\n<\/div>\n\n\n\n<div class=\"wp-block-column is-layout-flow wp-block-column-is-layout-flow\">\n<p>Das Angebot wird saisonal abgestimmt und ist entsprechend vielf\u00e4ltig.<br><br>Kosten pro Tag inklusive Materialien und Essen:    \u20ac 100,- \/ Halbtageskurs: \u20ac 60,-<br>Kosten pro Tag inclusive Materialien und Essen f\u00fcr ordentliche Mitglieder*Innen \u20ac 90.-  Halbtageskurs: \u20ac 55.-<\/p>\n\n\n\n<p>Alle Seminare und F\u00fchrungen sind individuell f\u00fcr Familien\/Gruppen buchbar!<\/p>\n\n\n\n<p><a href=\"https:\/\/www.theklasien.at\/neu\/veranstaltungen\/\" data-type=\"page\" data-id=\"13\">aktuelle Termine<\/a><\/p>\n<\/div>\n<\/div>\n","protected":false},"excerpt":{"rendered":"<p>Aktivprogramm in der Wildkr\u00e4uter- und Fruchtwerkstatt ab 4 bis max.7 Personen,als Halb- oder Ganztageskurs buchbar:Wir sammeln gemeinsamWildkr\u00e4uter\/Fr\u00fcchte, Bl\u00e4tter, Bl\u00fcten, Knospen, Wurzeln,besprechen die Inhalts-und Wirkstoffe und verarbeiten anschlie\u00dfend das Sammelgut zueinem k\u00f6stlichen Kr\u00e4utermen\u00fc, zu Kosmetik, Reinigungsprodukten, oder fertigen kreative Objekte nach pers\u00f6nlichen Vorlieben an. Das Angebot wird saisonal abgestimmt und ist entsprechend vielf\u00e4ltig. Kosten pro Tag [&hellip;]<\/p>\n","protected":false},"author":1,"featured_media":0,"parent":0,"menu_order":0,"comment_status":"closed","ping_status":"closed","template":"","meta":{"footnotes":""},"class_list":["post-401","page","type-page","status-publish","hentry"],"jetpack_sharing_enabled":true,"_links":{"self":[{"href":"https:\/\/www.theklasien.at\/neu\/wp-json\/wp\/v2\/pages\/401","targetHints":{"allow":["GET"]}}],"collection":[{"href":"https:\/\/www.theklasien.at\/neu\/wp-json\/wp\/v2\/pages"}],"about":[{"href":"https:\/\/www.theklasien.at\/neu\/wp-json\/wp\/v2\/types\/page"}],"author":[{"embeddable":true,"href":"https:\/\/www.theklasien.at\/neu\/wp-json\/wp\/v2\/users\/1"}],"replies":[{"embeddable":true,"href":"https:\/\/www.theklasien.at\/neu\/wp-json\/wp\/v2\/comments?post=401"}],"version-history":[{"count":23,"href":"https:\/\/www.theklasien.at\/neu\/wp-json\/wp\/v2\/pages\/401\/revisions"}],"predecessor-version":[{"id":1791,"href":"https:\/\/www.theklasien.at\/neu\/wp-json\/wp\/v2\/pages\/401\/revisions\/1791"}],"wp:attachment":[{"href":"https:\/\/www.theklasien.at\/neu\/wp-json\/wp\/v2\/media?parent=401"}],"curies":[{"name":"wp","href":"https:\/\/api.w.org\/{rel}","templated":true}]}}