{"id":20,"date":"2022-07-25T14:12:16","date_gmt":"2022-07-25T12:12:16","guid":{"rendered":"http:\/\/www.theklasien.at\/neu\/?page_id=20"},"modified":"2023-03-15T18:26:28","modified_gmt":"2023-03-15T17:26:28","slug":"patenschaft","status":"publish","type":"page","link":"https:\/\/www.theklasien.at\/neu\/patenschaft\/","title":{"rendered":"Patenschaft"},"content":{"rendered":"\n<p>Die Patenschaften sollen uns dabei helfen, die Artenvielfalt in Theklasien zu erhalten. Sie sind als j\u00e4hrliche Unterst\u00fctzung gedacht um die notwendigen Pflege- und Erntearbeiten abzudecken. Jede Hilfe ist uns eine Hilfe. Falls sie Lust haben bei verschiedenen T\u00e4tigkeiten mitzumachen; herzlich willkommen!<br><br>Zu jeder Patenschaft gibt es eine gratis-F\u00fchrung oder einen Workshop, damit sie die Ergebnisse ihrer Unterst\u00fctzung auch sehen k\u00f6nnen. Daf\u00fcr gibt es jeweils einen <a href=\"https:\/\/www.theklasien.at\/neu\/veranstaltungen\/\" data-type=\"page\" data-id=\"13\">Sommer- und einen Herbsttermin!<\/a><br><br>Ausserdem bekommen sie zu den meisten Patenschaften ein kleines Geschenk (nach Verf\u00fcgbarkeit)!<br><br><strong>10\u20ac Patenschaft-Mini<\/strong>: 1 F\u00fchrung j\u00e4hrl.<br><strong>20\u20ac Klima-Hecke:<\/strong> 1 F\u00fchrung j\u00e4hrl. + 1 Wildfrucht-Produkt aus der Hecke<br><strong>30\u20ac Bienenweide:<\/strong> 1 F\u00fchrung j\u00e4hrl. + 125g Honig<br><strong>50\u20ac Streuobstwiese:<\/strong> 1 F\u00fchrung j\u00e4hrl. + 1 Eimer \u00c4pfel<br><strong>100\u20ac Hildegard von Bingen Kr\u00e4utergarten:<\/strong> 1 F\u00fchrung j\u00e4hrl. + 1 gratis Teilnahme an einem Workshop zum Thema inkl. Produkt<br><strong>120\u20ac Theklasien-Spezialpaket<\/strong> zum Jahresende \ud83d\ude42<br><br>Bitte \u00fcberweisen sie, mit Angabe ihres Namens, und den Zweck der Einzahlung, einen Beitrag auf das Vereinskonto:<br>Kontoinhaber: Verein \u201cTheklasien\u201d Mensch-Natur-Kultur<br>IBAN: AT48 3418 0000 0131 6249<\/p>\n","protected":false},"excerpt":{"rendered":"<p>Die Patenschaften sollen uns dabei helfen, die Artenvielfalt in Theklasien zu erhalten. Sie sind als j\u00e4hrliche Unterst\u00fctzung gedacht um die notwendigen Pflege- und Erntearbeiten abzudecken. Jede Hilfe ist uns eine Hilfe. Falls sie Lust haben bei verschiedenen T\u00e4tigkeiten mitzumachen; herzlich willkommen! Zu jeder Patenschaft gibt es eine gratis-F\u00fchrung oder einen Workshop, damit sie die Ergebnisse [&hellip;]<\/p>\n","protected":false},"author":1,"featured_media":0,"parent":0,"menu_order":0,"comment_status":"closed","ping_status":"closed","template":"","meta":{"footnotes":""},"class_list":["post-20","page","type-page","status-publish","hentry"],"jetpack_sharing_enabled":true,"_links":{"self":[{"href":"https:\/\/www.theklasien.at\/neu\/wp-json\/wp\/v2\/pages\/20","targetHints":{"allow":["GET"]}}],"collection":[{"href":"https:\/\/www.theklasien.at\/neu\/wp-json\/wp\/v2\/pages"}],"about":[{"href":"https:\/\/www.theklasien.at\/neu\/wp-json\/wp\/v2\/types\/page"}],"author":[{"embeddable":true,"href":"https:\/\/www.theklasien.at\/neu\/wp-json\/wp\/v2\/users\/1"}],"replies":[{"embeddable":true,"href":"https:\/\/www.theklasien.at\/neu\/wp-json\/wp\/v2\/comments?post=20"}],"version-history":[{"count":7,"href":"https:\/\/www.theklasien.at\/neu\/wp-json\/wp\/v2\/pages\/20\/revisions"}],"predecessor-version":[{"id":1787,"href":"https:\/\/www.theklasien.at\/neu\/wp-json\/wp\/v2\/pages\/20\/revisions\/1787"}],"wp:attachment":[{"href":"https:\/\/www.theklasien.at\/neu\/wp-json\/wp\/v2\/media?parent=20"}],"curies":[{"name":"wp","href":"https:\/\/api.w.org\/{rel}","templated":true}]}}