{"id":146,"date":"2022-07-29T09:44:09","date_gmt":"2022-07-29T07:44:09","guid":{"rendered":"https:\/\/www.theklasien.at\/neu\/?page_id=146"},"modified":"2023-02-09T16:14:45","modified_gmt":"2023-02-09T15:14:45","slug":"selbstversorgung","status":"publish","type":"page","link":"https:\/\/www.theklasien.at\/neu\/selbstversorgung\/","title":{"rendered":"Selbstversorgung"},"content":{"rendered":"\n<h2 class=\"wp-block-heading\">&#8220;Sorge f\u00fcr die Erde, sorge f\u00fcr die Menschen, teile die \u00dcbersch\u00fcsse&#8221;<\/h2>\n\n\n\n<div class=\"wp-block-columns is-layout-flex wp-container-core-columns-is-layout-9d6595d7 wp-block-columns-is-layout-flex\">\n<div class=\"wp-block-column is-layout-flow wp-block-column-is-layout-flow\" style=\"flex-basis:66.66%\">\n<p>In diesem Satz steckt die Ethik der Permakultur und unseres Handelns. Das bedeutet, wir nehmen nur soviel als wir brauchen und teilen das, was zu viel ist. Da unsere Ernte aus nat\u00fcrlichen \u00d6kosystemen, die in 37 Jahren \u00f6kologischer Bewirtschaftung und permakultureller Konzeptionierung gewachsen sind, entnommen wird, ist es selbstredend dass genug f\u00fcr V\u00f6gel, Insekten, S\u00e4ugetiere und Amphibien verbleibt. Unsere Hecken zum Beispiel haben eine Gesamtl\u00e4nge von cirka 2000 Laufmetern. Die Artenauswahl ist sehr vielf\u00e4ltig und effektiv angelegt. Als Waldrandgestaltung, wegbegleitend entlang unserer Zufahrt oder als Konturen um Bereiche des Waldgartens, Bienengartens, Streuobstgartens, H\u00fchnergartens, Terassengartens, Kr\u00e4utergartens und K\u00fcchengartens, kurz: Unseren &#8220;Sieben-Tage-Sch\u00f6pfungsgarten&#8221;, zu begrenzen.<\/p>\n<\/div>\n\n\n\n<div class=\"wp-block-column is-layout-flow wp-block-column-is-layout-flow\" style=\"flex-basis:33.33%\">\n<figure class=\"wp-block-image size-full\"><img loading=\"lazy\" decoding=\"async\" width=\"240\" height=\"320\" src=\"http:\/\/www.theklasien.at\/neu\/wp-content\/uploads\/2022\/09\/k-schlehe.jpg\" alt=\"\" class=\"wp-image-183\" srcset=\"https:\/\/www.theklasien.at\/neu\/wp-content\/uploads\/2022\/09\/k-schlehe.jpg 240w, https:\/\/www.theklasien.at\/neu\/wp-content\/uploads\/2022\/09\/k-schlehe-225x300.jpg 225w\" sizes=\"auto, (max-width: 240px) 100vw, 240px\" \/><\/figure>\n<\/div>\n<\/div>\n\n\n\n<div class=\"wp-block-columns is-layout-flex wp-container-core-columns-is-layout-9d6595d7 wp-block-columns-is-layout-flex\">\n<div class=\"wp-block-column is-layout-flow wp-block-column-is-layout-flow\" style=\"flex-basis:33.33%\">\n<figure class=\"wp-block-image size-large\"><img loading=\"lazy\" decoding=\"async\" width=\"1024\" height=\"768\" src=\"http:\/\/www.theklasien.at\/neu\/wp-content\/uploads\/2022\/10\/P1040092-1024x768.jpg\" alt=\"\" class=\"wp-image-807\" srcset=\"https:\/\/www.theklasien.at\/neu\/wp-content\/uploads\/2022\/10\/P1040092-1024x768.jpg 1024w, https:\/\/www.theklasien.at\/neu\/wp-content\/uploads\/2022\/10\/P1040092-300x225.jpg 300w, https:\/\/www.theklasien.at\/neu\/wp-content\/uploads\/2022\/10\/P1040092-768x576.jpg 768w, https:\/\/www.theklasien.at\/neu\/wp-content\/uploads\/2022\/10\/P1040092-1536x1152.jpg 1536w, https:\/\/www.theklasien.at\/neu\/wp-content\/uploads\/2022\/10\/P1040092.jpg 1984w\" sizes=\"auto, (max-width: 1024px) 100vw, 1024px\" \/><\/figure>\n<\/div>\n\n\n\n<div class=\"wp-block-column is-layout-flow wp-block-column-is-layout-flow\" style=\"flex-basis:66.66%\">\n<p>In den beiden Streuobstwiesen, die von unseren B\u00f6hmerwald-Schafen, einer gef\u00e4hrdeten Schafrasse, beweidet werden, k\u00f6nnen wir von Cirka 100 verschiedenen Obstb\u00e4umen eine gro\u00dfe Auswahl an Produkten herstellen. Fruchtaufstriche, S\u00e4fte, Most-und S\u00fc\u00dfmost, D\u00f6rrobst, Lagerobst und vieles mehr. F\u00fcr unsere Schafe gibt es im Winter bis in den J\u00e4nner alle 2-3Tage frisch gestampfte \u00c4pfel, als gesundes M\u00fcsli hergerichtet. Von den Schafen erhalten wir Lammfleisch in h\u00f6chster Qualit\u00e4t, Wurstspezialit\u00e4ten, Lammfelle, Woll-Vlies natur und pflanzengef\u00e4rbt zum Filzen, F\u00fcllen, Spinnen, Deko und wertvollen Mist f\u00fcr den Garten. Von unseren kleineren Mitarbeitern den H\u00fchnern, Eier, Fleisch und wundersch\u00f6ne Federn, von unseren Bienen Honig und Bienenwachs.<\/p>\n<\/div>\n<\/div>\n\n\n\n<div class=\"wp-block-columns is-layout-flex wp-container-core-columns-is-layout-9d6595d7 wp-block-columns-is-layout-flex\">\n<div class=\"wp-block-column is-layout-flow wp-block-column-is-layout-flow\" style=\"flex-basis:66.66%\">\n<p>Die Vielfalt an Wild-Kr\u00e4utern\/Gem\u00fcse finden Verwendung als K\u00fcchen-, Heil- und Duftkr\u00e4uter, Teemischungen, in der Kr\u00e4uterkosmetik und \u00f6kologischen Reinigungsmitteln. Teilweise aus dem umliegenden Waldgarten und den Wiesen und Waldbereichen aus biologisch kontrollierter Wildsammlung. Biologisches Saatgut und Pflanzenmaterial, zum Beispiel f\u00fcr den Hausgarten, Schmetterlings- und Bienengarten, Heckenpflanzen, wird vor Ort gesammelt und soweit als m\u00f6glich selbst vermehrt. Bei Zukauf wird auf Regionalit\u00e4t und standortgerechte Aufzucht geachtet.<\/p>\n<\/div>\n\n\n\n<div class=\"wp-block-column is-layout-flow wp-block-column-is-layout-flow\" style=\"flex-basis:33.33%\">\n<figure class=\"wp-block-image size-large\"><img loading=\"lazy\" decoding=\"async\" width=\"1024\" height=\"768\" src=\"http:\/\/www.theklasien.at\/neu\/wp-content\/uploads\/2022\/10\/Silvia-Schneider-4-1024x768.jpg\" alt=\"\" class=\"wp-image-821\" srcset=\"https:\/\/www.theklasien.at\/neu\/wp-content\/uploads\/2022\/10\/Silvia-Schneider-4-1024x768.jpg 1024w, https:\/\/www.theklasien.at\/neu\/wp-content\/uploads\/2022\/10\/Silvia-Schneider-4-300x225.jpg 300w, https:\/\/www.theklasien.at\/neu\/wp-content\/uploads\/2022\/10\/Silvia-Schneider-4-768x576.jpg 768w, https:\/\/www.theklasien.at\/neu\/wp-content\/uploads\/2022\/10\/Silvia-Schneider-4-1536x1152.jpg 1536w, https:\/\/www.theklasien.at\/neu\/wp-content\/uploads\/2022\/10\/Silvia-Schneider-4-2048x1536.jpg 2048w\" sizes=\"auto, (max-width: 1024px) 100vw, 1024px\" \/><\/figure>\n<\/div>\n<\/div>\n\n\n\n<p>Unsere Produkte sind &gt; Lebens &#8211; als auch Heilmittel, ein kulinarisches Geschmackserlebnis, mit reinem Quellwasser verarbeitet.<\/p>\n\n\n\n<p>Unsere Produktion &gt; in nat\u00fcrliche \u00d6kosysteme integriert, biologisch, vielf\u00e4ltig, tr\u00e4gt durch schonende Bewirtschaftung zur Erhaltung unserer Kulturlandschaft bei, ist sorgsame Handarbeit von der Ernte bis zum fertigen Produkt, saisonbedingt, kleine Mengen, hohe Qualit\u00e4t, ein regionales Produkt, legt Wert auf die Erhaltung alten Kulturgutes, Kreislaufwirtschaft, Klimaschutz, gelebter Naturschutz.<\/p>\n","protected":false},"excerpt":{"rendered":"<p>&#8220;Sorge f\u00fcr die Erde, sorge f\u00fcr die Menschen, teile die \u00dcbersch\u00fcsse&#8221; In diesem Satz steckt die Ethik der Permakultur und unseres Handelns. Das bedeutet, wir nehmen nur soviel als wir brauchen und teilen das, was zu viel ist. Da unsere Ernte aus nat\u00fcrlichen \u00d6kosystemen, die in 37 Jahren \u00f6kologischer Bewirtschaftung und permakultureller Konzeptionierung gewachsen sind, [&hellip;]<\/p>\n","protected":false},"author":1,"featured_media":0,"parent":0,"menu_order":0,"comment_status":"closed","ping_status":"closed","template":"","meta":{"footnotes":""},"class_list":["post-146","page","type-page","status-publish","hentry"],"jetpack_sharing_enabled":true,"_links":{"self":[{"href":"https:\/\/www.theklasien.at\/neu\/wp-json\/wp\/v2\/pages\/146","targetHints":{"allow":["GET"]}}],"collection":[{"href":"https:\/\/www.theklasien.at\/neu\/wp-json\/wp\/v2\/pages"}],"about":[{"href":"https:\/\/www.theklasien.at\/neu\/wp-json\/wp\/v2\/types\/page"}],"author":[{"embeddable":true,"href":"https:\/\/www.theklasien.at\/neu\/wp-json\/wp\/v2\/users\/1"}],"replies":[{"embeddable":true,"href":"https:\/\/www.theklasien.at\/neu\/wp-json\/wp\/v2\/comments?post=146"}],"version-history":[{"count":12,"href":"https:\/\/www.theklasien.at\/neu\/wp-json\/wp\/v2\/pages\/146\/revisions"}],"predecessor-version":[{"id":1686,"href":"https:\/\/www.theklasien.at\/neu\/wp-json\/wp\/v2\/pages\/146\/revisions\/1686"}],"wp:attachment":[{"href":"https:\/\/www.theklasien.at\/neu\/wp-json\/wp\/v2\/media?parent=146"}],"curies":[{"name":"wp","href":"https:\/\/api.w.org\/{rel}","templated":true}]}}