{"id":132,"date":"2022-07-29T09:42:18","date_gmt":"2022-07-29T07:42:18","guid":{"rendered":"https:\/\/www.theklasien.at\/neu\/?page_id=132"},"modified":"2023-03-13T17:11:09","modified_gmt":"2023-03-13T16:11:09","slug":"verein-vorstand","status":"publish","type":"page","link":"https:\/\/www.theklasien.at\/neu\/verein-vorstand\/","title":{"rendered":"Verein Vorstand"},"content":{"rendered":"\n<p class=\"has-text-align-center\">Pr\u00e4sidentin: Thekla Raffezeder<br>1. Vizepr\u00e4sidentin: Freya Maria Raffezeder<br>2. Vizepr\u00e4sident: Sigfried Unger<br>3. Vizepr\u00e4sidentin: Pamela Maria Humer<\/p>\n\n\n\n<figure class=\"wp-block-image aligncenter size-large is-resized\"><img loading=\"lazy\" decoding=\"async\" src=\"http:\/\/www.theklasien.at\/neu\/wp-content\/uploads\/2022\/09\/Vorstand-Verein-Theklasien-Foto-Pamela-Humer-766x1024.jpg\" alt=\"\" class=\"wp-image-268\" width=\"477\" height=\"639\" srcset=\"https:\/\/www.theklasien.at\/neu\/wp-content\/uploads\/2022\/09\/Vorstand-Verein-Theklasien-Foto-Pamela-Humer-766x1024.jpg 766w, https:\/\/www.theklasien.at\/neu\/wp-content\/uploads\/2022\/09\/Vorstand-Verein-Theklasien-Foto-Pamela-Humer-224x300.jpg 224w, https:\/\/www.theklasien.at\/neu\/wp-content\/uploads\/2022\/09\/Vorstand-Verein-Theklasien-Foto-Pamela-Humer-768x1027.jpg 768w, https:\/\/www.theklasien.at\/neu\/wp-content\/uploads\/2022\/09\/Vorstand-Verein-Theklasien-Foto-Pamela-Humer-1149x1536.jpg 1149w, https:\/\/www.theklasien.at\/neu\/wp-content\/uploads\/2022\/09\/Vorstand-Verein-Theklasien-Foto-Pamela-Humer-1024x1369.jpg 1024w, https:\/\/www.theklasien.at\/neu\/wp-content\/uploads\/2022\/09\/Vorstand-Verein-Theklasien-Foto-Pamela-Humer.jpg 1532w\" sizes=\"auto, (max-width: 477px) 100vw, 477px\" \/><figcaption class=\"wp-element-caption\"><em>von Links nach Rechts: Pamela Maria Humer, Siegfried Unger, <br>Luigiano (Hahn), Ying-Yang (Katze), Thekla Raffezeder,<br>Freya Maria Raffezeder<\/em><br><br><strong>Thekla Raffezeder: <\/strong>Pr\u00e4sidentin des Vereins<br> Akademische Expertin f\u00fcr Wildkr\u00e4uter und Arzneipflanzen, Dipl.Hildegard von Bingen Praktikerin, Permakulturistin, Sameng\u00e4rtnerin, Museumscustodin, Biodiversit\u00e4tsvermittlerin<br><strong>Freya Maria Raffezeder:<\/strong> Zust\u00e4ndig f\u00fcr Medienbetreuung, Journalistische Arbeit, \u00d6ffentlichkeitsarbeit, Betreuung der Bibliothek und des Antiquariats<br><strong>Sigfried Unger:<\/strong> Zust\u00e4ndig f\u00fcr das Wohlbefinden der Schafe; Futter und musikalisches Rahmenprogramm<br><strong>Pamela Maria Humer:<\/strong> Ansprechperson in Fragen zum Thema Bienen <\/figcaption><\/figure>\n","protected":false},"excerpt":{"rendered":"<p>Pr\u00e4sidentin: Thekla Raffezeder1. Vizepr\u00e4sidentin: Freya Maria Raffezeder2. Vizepr\u00e4sident: Sigfried Unger3. Vizepr\u00e4sidentin: Pamela Maria Humer<\/p>\n","protected":false},"author":1,"featured_media":0,"parent":0,"menu_order":0,"comment_status":"closed","ping_status":"closed","template":"","meta":{"footnotes":""},"class_list":["post-132","page","type-page","status-publish","hentry"],"jetpack_sharing_enabled":true,"_links":{"self":[{"href":"https:\/\/www.theklasien.at\/neu\/wp-json\/wp\/v2\/pages\/132","targetHints":{"allow":["GET"]}}],"collection":[{"href":"https:\/\/www.theklasien.at\/neu\/wp-json\/wp\/v2\/pages"}],"about":[{"href":"https:\/\/www.theklasien.at\/neu\/wp-json\/wp\/v2\/types\/page"}],"author":[{"embeddable":true,"href":"https:\/\/www.theklasien.at\/neu\/wp-json\/wp\/v2\/users\/1"}],"replies":[{"embeddable":true,"href":"https:\/\/www.theklasien.at\/neu\/wp-json\/wp\/v2\/comments?post=132"}],"version-history":[{"count":10,"href":"https:\/\/www.theklasien.at\/neu\/wp-json\/wp\/v2\/pages\/132\/revisions"}],"predecessor-version":[{"id":1753,"href":"https:\/\/www.theklasien.at\/neu\/wp-json\/wp\/v2\/pages\/132\/revisions\/1753"}],"wp:attachment":[{"href":"https:\/\/www.theklasien.at\/neu\/wp-json\/wp\/v2\/media?parent=132"}],"curies":[{"name":"wp","href":"https:\/\/api.w.org\/{rel}","templated":true}]}}