{"id":130,"date":"2022-07-29T09:42:05","date_gmt":"2022-07-29T07:42:05","guid":{"rendered":"https:\/\/www.theklasien.at\/neu\/?page_id=130"},"modified":"2023-03-18T19:18:14","modified_gmt":"2023-03-18T18:18:14","slug":"spezialmonitoring-phaenologie","status":"publish","type":"page","link":"https:\/\/www.theklasien.at\/neu\/spezialmonitoring-phaenologie\/","title":{"rendered":"Naturschutz-Monitoring"},"content":{"rendered":"\n<p>Das <strong>Biodiversit\u00e4tsmonitoring<\/strong> im Extensiv-Gr\u00fcnland, auf Almen, im Acker und auf Biodiversit\u00e4tsfl\u00e4chen, ist in der neuen F\u00f6rderperiode des Mehrfachantrages im \u00d6PUL (\u00d6sterreichisches Programm f\u00fcr umweltgerechte Landwirtschaft) neu formuliert. Es leistet einen wichtigen Beitrag f\u00fcr den Erhalt der Artenvielfalt. Es hilft, die richtige Wirtschaftsweise zu erkennen und tr\u00e4gt zur Optimierung der \u00d6PUL-Bewirtschaftungsauflagen bei.  F\u00fcr uns nichts Neues, da wir seit 2008 an diesem Monitoring teilnehmen. Die bisherigen Errungenschaften zeigen, dass \u00d6pulmassnahmen durch das Monitoring und die Dokumentationen der Landwirt*Innen wirken und die Fl\u00e4chen In-Wert gesetzt werden.<\/p>\n\n\n\n<figure class=\"wp-block-gallery has-nested-images columns-default is-cropped wp-block-gallery-1 is-layout-flex wp-block-gallery-is-layout-flex\">\n<figure class=\"wp-block-image size-large\"><img loading=\"lazy\" decoding=\"async\" width=\"1024\" height=\"682\" data-id=\"1710\" src=\"https:\/\/www.theklasien.at\/neu\/wp-content\/uploads\/2023\/02\/Trichterspinne-6-2-1024x682.jpg\" alt=\"\" class=\"wp-image-1710\" srcset=\"https:\/\/www.theklasien.at\/neu\/wp-content\/uploads\/2023\/02\/Trichterspinne-6-2-1024x682.jpg 1024w, https:\/\/www.theklasien.at\/neu\/wp-content\/uploads\/2023\/02\/Trichterspinne-6-2-300x200.jpg 300w, https:\/\/www.theklasien.at\/neu\/wp-content\/uploads\/2023\/02\/Trichterspinne-6-2-768x511.jpg 768w, https:\/\/www.theklasien.at\/neu\/wp-content\/uploads\/2023\/02\/Trichterspinne-6-2-1536x1023.jpg 1536w, https:\/\/www.theklasien.at\/neu\/wp-content\/uploads\/2023\/02\/Trichterspinne-6-2-2048x1364.jpg 2048w\" sizes=\"auto, (max-width: 1024px) 100vw, 1024px\" \/><figcaption class=\"wp-element-caption\">Naturschutzfl\u00e4che<\/figcaption><\/figure>\n\n\n\n<figure class=\"wp-block-image size-large\"><img loading=\"lazy\" decoding=\"async\" width=\"1024\" height=\"682\" data-id=\"1598\" src=\"https:\/\/www.theklasien.at\/neu\/wp-content\/uploads\/2023\/02\/Falter-6-1024x682.jpg\" alt=\"\" class=\"wp-image-1598\" srcset=\"https:\/\/www.theklasien.at\/neu\/wp-content\/uploads\/2023\/02\/Falter-6-1024x682.jpg 1024w, https:\/\/www.theklasien.at\/neu\/wp-content\/uploads\/2023\/02\/Falter-6-300x200.jpg 300w, https:\/\/www.theklasien.at\/neu\/wp-content\/uploads\/2023\/02\/Falter-6-768x511.jpg 768w, https:\/\/www.theklasien.at\/neu\/wp-content\/uploads\/2023\/02\/Falter-6-1536x1023.jpg 1536w, https:\/\/www.theklasien.at\/neu\/wp-content\/uploads\/2023\/02\/Falter-6-2048x1364.jpg 2048w\" sizes=\"auto, (max-width: 1024px) 100vw, 1024px\" \/><figcaption class=\"wp-element-caption\">Naturschutzfl\u00e4che<\/figcaption><\/figure>\n<\/figure>\n\n\n\n<h2 class=\"wp-block-heading\">Ph\u00e4noflex<\/h2>\n\n\n\n<p>Beim Monitoring Ph\u00e4noflex geht es darum, einen <strong>flexiblen<\/strong> Schnittzeitpunkt durch Beobachtung von Tier und Pflanzenarten im Zusammenhang mit der Bewirtschaftung zu finden. <\/p>\n\n\n\n<p>Der Begriff Ph\u00e4noflex setzt sich aus den W\u00f6rtern Ph\u00e4nologie und <strong>Flexibilisierung<\/strong> zusammen. Die Ph\u00e4nologie ist die Kunde von den Naturerscheinungen im Jahreslauf. Die damit verbundenen Beobachtungen werden dokumentiert und sind von gro\u00dfem Nutzen f\u00fcr die internationale Klimaforschung. Es wird die Entwicklung des Wiesen-Kn\u00e4uelgrases und des schwarzen Holunders bei der Hofstelle beobachtet. Tausende Betriebe k\u00f6nnen aufgrund der gesammelten Daten, mit denen eine Karte f\u00fcr \u00d6sterreich erstellt wird, die vorgeschriebenen Schnittzeitpunkte flexibel an die j\u00e4hrliche Naturentwicklung anpassen. Mitmachen k\u00f6nnen Betriebe die am \u00d6PUL, umweltgerechte und biodiversit\u00e4tsf\u00f6rdernde Bewirtschaftung (UBB), oder Biologische Wirtschaftsweise (BIO) teilnehmen.<\/p>\n","protected":false},"excerpt":{"rendered":"<p>Das Biodiversit\u00e4tsmonitoring im Extensiv-Gr\u00fcnland, auf Almen, im Acker und auf Biodiversit\u00e4tsfl\u00e4chen, ist in der neuen F\u00f6rderperiode des Mehrfachantrages im \u00d6PUL (\u00d6sterreichisches Programm f\u00fcr umweltgerechte Landwirtschaft) neu formuliert. Es leistet einen wichtigen Beitrag f\u00fcr den Erhalt der Artenvielfalt. Es hilft, die richtige Wirtschaftsweise zu erkennen und tr\u00e4gt zur Optimierung der \u00d6PUL-Bewirtschaftungsauflagen bei. F\u00fcr uns nichts Neues, [&hellip;]<\/p>\n","protected":false},"author":1,"featured_media":0,"parent":0,"menu_order":0,"comment_status":"closed","ping_status":"closed","template":"","meta":{"footnotes":""},"class_list":["post-130","page","type-page","status-publish","hentry"],"jetpack_sharing_enabled":true,"_links":{"self":[{"href":"https:\/\/www.theklasien.at\/neu\/wp-json\/wp\/v2\/pages\/130","targetHints":{"allow":["GET"]}}],"collection":[{"href":"https:\/\/www.theklasien.at\/neu\/wp-json\/wp\/v2\/pages"}],"about":[{"href":"https:\/\/www.theklasien.at\/neu\/wp-json\/wp\/v2\/types\/page"}],"author":[{"embeddable":true,"href":"https:\/\/www.theklasien.at\/neu\/wp-json\/wp\/v2\/users\/1"}],"replies":[{"embeddable":true,"href":"https:\/\/www.theklasien.at\/neu\/wp-json\/wp\/v2\/comments?post=130"}],"version-history":[{"count":3,"href":"https:\/\/www.theklasien.at\/neu\/wp-json\/wp\/v2\/pages\/130\/revisions"}],"predecessor-version":[{"id":1810,"href":"https:\/\/www.theklasien.at\/neu\/wp-json\/wp\/v2\/pages\/130\/revisions\/1810"}],"wp:attachment":[{"href":"https:\/\/www.theklasien.at\/neu\/wp-json\/wp\/v2\/media?parent=130"}],"curies":[{"name":"wp","href":"https:\/\/api.w.org\/{rel}","templated":true}]}}