{"id":1221,"date":"2023-01-23T10:41:18","date_gmt":"2023-01-23T09:41:18","guid":{"rendered":"https:\/\/www.theklasien.at\/neu\/?page_id=1221"},"modified":"2023-01-23T10:41:20","modified_gmt":"2023-01-23T09:41:20","slug":"rz2-salben-ruehren","status":"publish","type":"page","link":"https:\/\/www.theklasien.at\/neu\/rz2-salben-ruehren\/","title":{"rendered":"Ups! Dieser Bereich ist nur f\u00fcr unsere Mitglieder einsehbar!"},"content":{"rendered":"<p>Du willst Mitglied werden und unsere Arbeit f\u00fcr die Vielfalt unterst\u00fctzen? <a href=\"http:\/\/www.theklasien.at\/neu\/wp-content\/uploads\/2023\/01\/Mitgliedschaftsantrag-2022.pdf\">Link zum Anmeldeformular<\/a><\/p>\r\n<p>Du bist bereits Mitglied? Hier gehts zum <a href=\"https:\/\/www.theklasien.at\/neu\/login\/\">Login<\/a><\/p>","protected":false},"excerpt":{"rendered":"","protected":false},"author":1,"featured_media":0,"parent":0,"menu_order":0,"comment_status":"closed","ping_status":"closed","template":"","meta":{"footnotes":""},"class_list":["post-1221","page","type-page","status-publish","hentry"],"jetpack_sharing_enabled":true,"_links":{"self":[{"href":"https:\/\/www.theklasien.at\/neu\/wp-json\/wp\/v2\/pages\/1221","targetHints":{"allow":["GET"]}}],"collection":[{"href":"https:\/\/www.theklasien.at\/neu\/wp-json\/wp\/v2\/pages"}],"about":[{"href":"https:\/\/www.theklasien.at\/neu\/wp-json\/wp\/v2\/types\/page"}],"author":[{"embeddable":true,"href":"https:\/\/www.theklasien.at\/neu\/wp-json\/wp\/v2\/users\/1"}],"replies":[{"embeddable":true,"href":"https:\/\/www.theklasien.at\/neu\/wp-json\/wp\/v2\/comments?post=1221"}],"version-history":[{"count":1,"href":"https:\/\/www.theklasien.at\/neu\/wp-json\/wp\/v2\/pages\/1221\/revisions"}],"predecessor-version":[{"id":1223,"href":"https:\/\/www.theklasien.at\/neu\/wp-json\/wp\/v2\/pages\/1221\/revisions\/1223"}],"wp:attachment":[{"href":"https:\/\/www.theklasien.at\/neu\/wp-json\/wp\/v2\/media?parent=1221"}],"curies":[{"name":"wp","href":"https:\/\/api.w.org\/{rel}","templated":true}]}}