{"id":1180,"date":"2023-01-20T14:09:35","date_gmt":"2023-01-20T13:09:35","guid":{"rendered":"https:\/\/www.theklasien.at\/neu\/?page_id=1180"},"modified":"2023-03-15T18:33:24","modified_gmt":"2023-03-15T17:33:24","slug":"spenden","status":"publish","type":"page","link":"https:\/\/www.theklasien.at\/neu\/spenden\/","title":{"rendered":"Spenden"},"content":{"rendered":"\n<p>Wir freuen uns \u00fcber finanzielle Unterst\u00fctzung zur Erhaltung der Artenvielfalt in Theklasien.<br>Mit ihrem Beitrag helfen sie uns, die Lebensr\u00e4ume und unsere Bildungsarbeit zu sichern.<br>Oft sind dazu, au\u00dfer viel Handarbeit, auch Maschinen und deren Wartung, und Dienstleister notwendig. Auch unsere Tiere, Waldschafe, H\u00fchner, G\u00e4nse, Katzen, Wildtiere (V\u00f6gel) freuen sich \u00fcber biologisches Futter.<br><br>Bitte \u00fcberweisen Sie Ihre Spende auf das Vereinskonto: <br>Kontoinhaber: Verein \u201cTheklasien\u201d Mensch-Natur-Kultur<\/p>\n\n\n\n<p>Bitte Verwendungszweck angeben.<br>IBAN: AT48 3418 0000 0131 6249<br><\/p>\n\n\n\n<h2 class=\"wp-block-heading\">Danke!<\/h2>\n\n\n\n<div style=\"height:20px\" aria-hidden=\"true\" class=\"wp-block-spacer\"><\/div>\n\n\n\n<figure class=\"wp-block-gallery has-nested-images columns-default is-cropped wp-block-gallery-1 is-layout-flex wp-block-gallery-is-layout-flex\">\n<figure class=\"wp-block-image size-large\"><a href=\"http:\/\/www.theklasien.at\/neu\/wp-content\/uploads\/2022\/10\/Im-Obstgarten-1024x682.jpg\"><img loading=\"lazy\" decoding=\"async\" width=\"1024\" height=\"682\" data-id=\"812\" src=\"http:\/\/www.theklasien.at\/neu\/wp-content\/uploads\/2022\/10\/Im-Obstgarten-1024x682.jpg\" alt=\"\" class=\"wp-image-812\" srcset=\"https:\/\/www.theklasien.at\/neu\/wp-content\/uploads\/2022\/10\/Im-Obstgarten-1024x682.jpg 1024w, https:\/\/www.theklasien.at\/neu\/wp-content\/uploads\/2022\/10\/Im-Obstgarten-300x200.jpg 300w, https:\/\/www.theklasien.at\/neu\/wp-content\/uploads\/2022\/10\/Im-Obstgarten-768x511.jpg 768w, https:\/\/www.theklasien.at\/neu\/wp-content\/uploads\/2022\/10\/Im-Obstgarten-1536x1023.jpg 1536w, https:\/\/www.theklasien.at\/neu\/wp-content\/uploads\/2022\/10\/Im-Obstgarten-2048x1364.jpg 2048w\" sizes=\"auto, (max-width: 1024px) 100vw, 1024px\" \/><\/a><\/figure>\n\n\n\n<figure class=\"wp-block-image size-large\"><a href=\"https:\/\/www.theklasien.at\/neu\/wp-content\/uploads\/2022\/10\/Karde-768x1024.jpg\"><img loading=\"lazy\" decoding=\"async\" width=\"768\" height=\"1024\" data-id=\"828\" src=\"https:\/\/www.theklasien.at\/neu\/wp-content\/uploads\/2022\/10\/Karde-768x1024.jpg\" alt=\"\" class=\"wp-image-828\" srcset=\"https:\/\/www.theklasien.at\/neu\/wp-content\/uploads\/2022\/10\/Karde-768x1024.jpg 768w, https:\/\/www.theklasien.at\/neu\/wp-content\/uploads\/2022\/10\/Karde-225x300.jpg 225w, https:\/\/www.theklasien.at\/neu\/wp-content\/uploads\/2022\/10\/Karde-1152x1536.jpg 1152w, https:\/\/www.theklasien.at\/neu\/wp-content\/uploads\/2022\/10\/Karde-1536x2048.jpg 1536w, https:\/\/www.theklasien.at\/neu\/wp-content\/uploads\/2022\/10\/Karde-1024x1365.jpg 1024w, https:\/\/www.theklasien.at\/neu\/wp-content\/uploads\/2022\/10\/Karde-scaled.jpg 1920w\" sizes=\"auto, (max-width: 768px) 100vw, 768px\" \/><\/a><\/figure>\n\n\n\n<figure class=\"wp-block-image size-large\"><a href=\"http:\/\/www.theklasien.at\/neu\/wp-content\/uploads\/2022\/09\/Vorstand-Verein-Theklasien-Foto-Pamela-Humer-766x1024.jpg\"><img loading=\"lazy\" decoding=\"async\" width=\"766\" height=\"1024\" data-id=\"268\" src=\"http:\/\/www.theklasien.at\/neu\/wp-content\/uploads\/2022\/09\/Vorstand-Verein-Theklasien-Foto-Pamela-Humer-766x1024.jpg\" alt=\"\" class=\"wp-image-268\" srcset=\"https:\/\/www.theklasien.at\/neu\/wp-content\/uploads\/2022\/09\/Vorstand-Verein-Theklasien-Foto-Pamela-Humer-766x1024.jpg 766w, https:\/\/www.theklasien.at\/neu\/wp-content\/uploads\/2022\/09\/Vorstand-Verein-Theklasien-Foto-Pamela-Humer-224x300.jpg 224w, https:\/\/www.theklasien.at\/neu\/wp-content\/uploads\/2022\/09\/Vorstand-Verein-Theklasien-Foto-Pamela-Humer-768x1027.jpg 768w, https:\/\/www.theklasien.at\/neu\/wp-content\/uploads\/2022\/09\/Vorstand-Verein-Theklasien-Foto-Pamela-Humer-1149x1536.jpg 1149w, https:\/\/www.theklasien.at\/neu\/wp-content\/uploads\/2022\/09\/Vorstand-Verein-Theklasien-Foto-Pamela-Humer-1024x1369.jpg 1024w, https:\/\/www.theklasien.at\/neu\/wp-content\/uploads\/2022\/09\/Vorstand-Verein-Theklasien-Foto-Pamela-Humer.jpg 1532w\" sizes=\"auto, (max-width: 766px) 100vw, 766px\" \/><\/a><\/figure>\n<\/figure>\n\n\n\n<p><\/p>\n","protected":false},"excerpt":{"rendered":"<p>Wir freuen uns \u00fcber finanzielle Unterst\u00fctzung zur Erhaltung der Artenvielfalt in Theklasien.Mit ihrem Beitrag helfen sie uns, die Lebensr\u00e4ume und unsere Bildungsarbeit zu sichern.Oft sind dazu, au\u00dfer viel Handarbeit, auch Maschinen und deren Wartung, und Dienstleister notwendig. Auch unsere Tiere, Waldschafe, H\u00fchner, G\u00e4nse, Katzen, Wildtiere (V\u00f6gel) freuen sich \u00fcber biologisches Futter. Bitte \u00fcberweisen Sie Ihre [&hellip;]<\/p>\n","protected":false},"author":1,"featured_media":0,"parent":0,"menu_order":0,"comment_status":"closed","ping_status":"closed","template":"","meta":{"footnotes":""},"class_list":["post-1180","page","type-page","status-publish","hentry"],"jetpack_sharing_enabled":true,"_links":{"self":[{"href":"https:\/\/www.theklasien.at\/neu\/wp-json\/wp\/v2\/pages\/1180","targetHints":{"allow":["GET"]}}],"collection":[{"href":"https:\/\/www.theklasien.at\/neu\/wp-json\/wp\/v2\/pages"}],"about":[{"href":"https:\/\/www.theklasien.at\/neu\/wp-json\/wp\/v2\/types\/page"}],"author":[{"embeddable":true,"href":"https:\/\/www.theklasien.at\/neu\/wp-json\/wp\/v2\/users\/1"}],"replies":[{"embeddable":true,"href":"https:\/\/www.theklasien.at\/neu\/wp-json\/wp\/v2\/comments?post=1180"}],"version-history":[{"count":6,"href":"https:\/\/www.theklasien.at\/neu\/wp-json\/wp\/v2\/pages\/1180\/revisions"}],"predecessor-version":[{"id":1789,"href":"https:\/\/www.theklasien.at\/neu\/wp-json\/wp\/v2\/pages\/1180\/revisions\/1789"}],"wp:attachment":[{"href":"https:\/\/www.theklasien.at\/neu\/wp-json\/wp\/v2\/media?parent=1180"}],"curies":[{"name":"wp","href":"https:\/\/api.w.org\/{rel}","templated":true}]}}